{"id":54795,"date":"2025-07-26T20:51:07","date_gmt":"2025-07-26T17:51:07","guid":{"rendered":"https:\/\/www.fevzisenturk.com\/?page_id=54795"},"modified":"2025-07-26T20:53:06","modified_gmt":"2025-07-26T17:53:06","slug":"premium-lens-istanbul","status":"publish","type":"page","link":"https:\/\/www.fevzisenturk.com\/en\/premium-lens-istanbul\/","title":{"rendered":"Premium Lens \u0130stanbul"},"content":{"rendered":"<div data-elementor-type=\"wp-page\" data-elementor-id=\"54795\" class=\"elementor elementor-54795\">\n\t\t\t\t\t\t<div class=\"elementor-inner\">\n\t\t\t\t<div class=\"elementor-section-wrap\">\n\t\t\t\t\t\t\t\t\t<section class=\"elementor-section elementor-top-section elementor-element elementor-element-ce43242 elementor-section-stretched elementor-section-boxed elementor-section-height-default elementor-section-height-default\" data-id=\"ce43242\" data-element_type=\"section\" data-settings=\"{&quot;background_background&quot;:&quot;classic&quot;,&quot;stretch_section&quot;:&quot;section-stretched&quot;}\">\n\t\t\t\t\t\t<div class=\"elementor-container elementor-column-gap-default\">\n\t\t\t\t\t\t\t<div class=\"elementor-row\">\n\t\t\t\t\t<div class=\"elementor-column elementor-col-100 elementor-top-column elementor-element elementor-element-8278b12\" data-id=\"8278b12\" data-element_type=\"column\">\n\t\t\t<div class=\"elementor-column-wrap elementor-element-populated\">\n\t\t\t\t\t\t\t<div class=\"elementor-widget-wrap\">\n\t\t\t\t\t\t<div class=\"elementor-element elementor-element-d969c8b ready-to-transform elementor-widget elementor-widget-heading\" data-id=\"d969c8b\" data-element_type=\"widget\" data-widget_type=\"heading.default\">\n\t\t\t\t<div class=\"elementor-widget-container\">\n\t\t\t<style>\/*! elementor - v3.10.1 - 17-01-2023 *\/\n.elementor-heading-title{padding:0;margin:0;line-height:1}.elementor-widget-heading .elementor-heading-title[class*=elementor-size-]>a{color:inherit;font-size:inherit;line-height:inherit}.elementor-widget-heading .elementor-heading-title.elementor-size-small{font-size:15px}.elementor-widget-heading .elementor-heading-title.elementor-size-medium{font-size:19px}.elementor-widget-heading .elementor-heading-title.elementor-size-large{font-size:29px}.elementor-widget-heading .elementor-heading-title.elementor-size-xl{font-size:39px}.elementor-widget-heading .elementor-heading-title.elementor-size-xxl{font-size:59px}<\/style><h3 class=\"elementor-heading-title elementor-size-default\">Premium Lens \u0130stanbul<\/h3>\t\t<\/div>\n\t\t\t\t<\/div>\n\t\t\t\t<div class=\"elementor-element elementor-element-757114f elementor-widget elementor-widget-text-editor\" data-id=\"757114f\" data-element_type=\"widget\" data-widget_type=\"text-editor.default\">\n\t\t\t\t<div class=\"elementor-widget-container\">\n\t\t\t<style>\/*! elementor - v3.10.1 - 17-01-2023 *\/\n.elementor-widget-text-editor.elementor-drop-cap-view-stacked .elementor-drop-cap{background-color:#818a91;color:#fff}.elementor-widget-text-editor.elementor-drop-cap-view-framed .elementor-drop-cap{color:#818a91;border:3px solid;background-color:transparent}.elementor-widget-text-editor:not(.elementor-drop-cap-view-default) .elementor-drop-cap{margin-top:8px}.elementor-widget-text-editor:not(.elementor-drop-cap-view-default) .elementor-drop-cap-letter{width:1em;height:1em}.elementor-widget-text-editor .elementor-drop-cap{float:left;text-align:center;line-height:1;font-size:50px}.elementor-widget-text-editor .elementor-drop-cap-letter{display:inline-block}<\/style>\t\t\t\t\t<div class=\"elementor-text-editor elementor-clearfix\">\n\t\t\t\t<p>Prof. Dr. Fevzi \u015eent\u00fcrk g\u00f6z hastal\u0131klar\u0131 alan\u0131nda uzun y\u0131llara dayanan deneyimi, bilimsel katk\u0131lar\u0131 ve ba\u015far\u0131l\u0131 cerrahileriyle tan\u0131nan bir uzmand\u0131r. Ankara \u00dcniversitesi T\u0131p Fak\u00fcltesi&#8217;nden mezun olduktan sonra Eski\u015fehir Osmangazi \u00dcniversitesi&#8217;nde G\u00f6z Hastal\u0131klar\u0131 Uzmanl\u0131k e\u011fitimini tamamlayan Prof. Dr. Fevzi \u015eent\u00fcrk \u0130stanbul Retina Enstit\u00fcs\u00fc&#8217;nde Retina Fellowshipini ba\u015far\u0131yla bitirerek bu alanda derinlemesine bilgi edinmi\u015ftir. Ayr\u0131ca \u0130stanbul Medipol \u00dcniversitesi&#8217;nde profes\u00f6r olarak akademik \u00e7al\u0131\u015fmalar\u0131na devam etmektedir. Bug\u00fcn <strong>premium lens \u0130stanbul<\/strong> alan\u0131nda en geli\u015fmi\u015f tedavi se\u00e7eneklerinden biri olarak g\u00f6zl\u00fckten ba\u011f\u0131ms\u0131z bir ya\u015fam s\u00fcrmeyi m\u00fcmk\u00fcn k\u0131lmaktad\u0131r.<\/p><p><strong>Premium lens \u0130stanbul<\/strong> g\u00f6zdeki g\u00f6rme kusurlar\u0131n\u0131 d\u00fczeltmek i\u00e7in kullan\u0131lan son teknoloji \u00fcr\u00fcn\u00fc lenslerdir. Bu lensler geleneksel lenslerin aksine birden fazla g\u00f6rme mesafesini netle\u015ftirme yetene\u011fine sahiptir. \u00d6zellikle katarakt hastal\u0131\u011f\u0131 tedavisinde ayn\u0131 zamanda astigmatizma, hipermetropi ve miyopiyi d\u00fczeltmek i\u00e7in kullan\u0131l\u0131r.<\/p><p>Klasik lenslerden farkl\u0131 olarak <strong>premium lens \u0130stanbul<\/strong> kullan\u0131larak yap\u0131lan cerrahi m\u00fcdahale hastalar\u0131n daha net bir g\u00f6r\u00fc\u015f elde etmelerini sa\u011flar ve ayn\u0131 zamanda g\u00f6zl\u00fck ya da kontakt lens kullan\u0131m\u0131n\u0131 ortadan kald\u0131rabilir. Bu lensler bireylerin hem uzak hem de yak\u0131n mesafelerde net bir g\u00f6r\u00fc\u015fe sahip olmalar\u0131n\u0131 sa\u011flamak i\u00e7in tasarlanm\u0131\u015ft\u0131r.<\/p><p>Prof. Dr. Fevzi \u015eent\u00fcrk y\u0131llard\u0131r retina hastal\u0131klar\u0131 ve vitreoretinal cerrahilerinin yan\u0131 s\u0131ra <strong>premium lens \u0130stanbul<\/strong> uygulamalar\u0131 konusunda da \u00f6nemli deneyime sahiptir. Kendisi hastalar\u0131na \u00f6zel tedavi se\u00e7enekleri sunarak g\u00f6z sa\u011fl\u0131\u011f\u0131n\u0131 iyile\u015ftirmeye y\u00f6nelik modern \u00e7\u00f6z\u00fcmler sunmaktad\u0131r.<\/p><p><strong>Premium Lens \u0130stanbul Uygulamas\u0131n\u0131n Avantajlar\u0131<\/strong><\/p><p><strong>Premium lens \u0130stanbul<\/strong> uygulamas\u0131n\u0131n bir dizi avantaj\u0131 bulunmaktad\u0131r. Bu avantajlar \u00f6zellikle hayat kalitesini art\u0131rmak isteyen bireyler i\u00e7in b\u00fcy\u00fck bir \u00f6nem ta\u015f\u0131r. \u0130lk olarak <strong>premium lens \u0130stanbul<\/strong> hastalar\u0131na uzak ve yak\u0131n mesafelerde net g\u00f6r\u00fc\u015f imk\u00e2n\u0131 sa\u011flar. G\u00fcnl\u00fck ya\u015famda kitap okumak, bilgisayar kullanmak ya da araba s\u00fcrmek gibi aktiviteler g\u00f6zl\u00fck ya da lens kullanmaya gerek kalmadan yap\u0131labilir. Bu hastalar\u0131n hem g\u00f6rsel konforlar\u0131n\u0131 art\u0131r\u0131r hem de estetik a\u00e7\u0131dan daha ho\u015f bir g\u00f6r\u00fcn\u00fcm sunar.<\/p><p>Ayr\u0131ca bu lensler katarakt ameliyat\u0131 s\u0131ras\u0131nda yerle\u015ftirilebilir b\u00f6ylece hem katarakt hem de g\u00f6zdeki g\u00f6rme bozukluklar\u0131 ayn\u0131 anda tedavi edilebilir. <strong>Premium lens \u0130stanbul<\/strong> kullan\u0131m\u0131 hastalar\u0131n cerrahi sonras\u0131 daha h\u0131zl\u0131 iyile\u015fmesini sa\u011flar ve komplikasyon risklerini azalt\u0131r.<\/p><p>Prof. Dr. Fevzi \u015eent\u00fcrk <strong>premium lens \u0130stanbul<\/strong> uygulamalar\u0131nda da y\u00fcksek ba\u015far\u0131 oranlar\u0131na sahip olup, her bir hasta i\u00e7in ki\u015fiselle\u015ftirilmi\u015f tedavi planlar\u0131 olu\u015fturur. Klinik prati\u011finde d\u00fcnya \u00e7ap\u0131nda sayg\u0131n dergilerde yay\u0131nlanm\u0131\u015f bir\u00e7ok makale ve bildiriye sahip olan Prof. Dr. \u015eent\u00fcrk bilimsel geli\u015fmeleri yak\u0131ndan takip ederek tedavi se\u00e7eneklerini s\u00fcrekli g\u00fcncellemektedir.<\/p><p><strong>Prof. Dr. Fevzi \u015eent\u00fcrk ve Premium Lens \u0130stanbul Alan\u0131ndaki Uzmanl\u0131\u011f\u0131<\/strong><\/p><p>Prof. Dr. Fevzi \u015eent\u00fcrk retina hastal\u0131klar\u0131, vitreoretinal cerrahi ve katarakt cerrahisi gibi g\u00f6z sa\u011fl\u0131\u011f\u0131na dair pek \u00e7ok alanda ulusal ve uluslararas\u0131 alanda tan\u0131nan bir uzmand\u0131r. <strong>Premium lens \u0130stanbul<\/strong> tedavilerinde de hastalar\u0131na \u00f6zel \u00e7\u00f6z\u00fcmler sunan Prof. Dr. \u015eent\u00fcrk alan\u0131nda sayg\u0131n \u00f6d\u00fcller ve ba\u015far\u0131lar elde etmi\u015ftir.<\/p><p>Prof. Dr. \u015eent\u00fcrk\u2019\u00fcn bilimsel \u00e7al\u0131\u015fmalar\u0131 ve yay\u0131nlar\u0131, g\u00f6z sa\u011fl\u0131\u011f\u0131 konusunda derinlemesine bir bilgi birikimi sunmaktad\u0131r. Ayr\u0131ca aktif olarak yerli ve yabanc\u0131 dergilerde hakemlik g\u00f6revini s\u00fcrd\u00fcren \u015eent\u00fcrk, g\u00f6z hastal\u0131klar\u0131 ve tedavi y\u00f6ntemleri konusunda \u00f6nemli katk\u0131lar sa\u011flamaktad\u0131r.<\/p><p><strong>Premium lens \u0130stanbul<\/strong> tedavisi Prof. Dr. \u015eent\u00fcrk\u2019\u00fcn uzmanl\u0131k alanlar\u0131ndan birisidir ve bu tedavi hastalar\u0131n g\u00f6z sa\u011fl\u0131\u011f\u0131n\u0131 iyile\u015ftirmek ad\u0131na son derece etkili bir y\u00f6ntemdir. Kendisi her hasta i\u00e7in en uygun tedavi y\u00f6ntemini belirleyerek g\u00f6z hastal\u0131klar\u0131n\u0131n tedavisinde y\u00fcksek ba\u015far\u0131 oranlar\u0131 sunmaktad\u0131r.<\/p><p><strong>Premium lens \u0130stanbul<\/strong> uygulamalar\u0131, modern g\u00f6z tedavi y\u00f6ntemleri aras\u0131nda yerini alm\u0131\u015f ve hastalar i\u00e7in b\u00fcy\u00fck kolayl\u0131klar sunmu\u015ftur. Prof. Dr. Fevzi \u015eent\u00fcrk deneyimi ve bilimsel birikimi ile bu alandaki en ba\u015far\u0131l\u0131 uygulamalara imza atmaktad\u0131r. G\u00f6z sa\u011fl\u0131\u011f\u0131n\u0131z i\u00e7in en iyi tedavi se\u00e7eneklerine ula\u015fmak isterseniz Prof. Dr. Fevzi \u015eent\u00fcrk ile ileti\u015fime ge\u00e7ebilir <strong>premium lens \u0130stanbul<\/strong> tedavisi hakk\u0131nda detayl\u0131 bilgi alabilirsiniz.<\/p>\t\t\t\t\t<\/div>\n\t\t\t\t\t\t<\/div>\n\t\t\t\t<\/div>\n\t\t\t\t\t\t<\/div>\n\t\t\t\t\t<\/div>\n\t\t<\/div>\n\t\t\t\t\t\t\t\t<\/div>\n\t\t\t\t\t<\/div>\n\t\t<\/section>\n\t\t\t\t<section class=\"elementor-section elementor-inner-section elementor-element elementor-element-25ba59ed elementor-section-boxed elementor-section-height-default elementor-section-height-default\" data-id=\"25ba59ed\" data-element_type=\"section\">\n\t\t\t\t\t\t<div class=\"elementor-container elementor-column-gap-default\">\n\t\t\t\t\t\t\t<div class=\"elementor-row\">\n\t\t\t\t\t<div class=\"elementor-column elementor-col-50 elementor-inner-column elementor-element elementor-element-db52ec0\" data-id=\"db52ec0\" data-element_type=\"column\">\n\t\t\t<div class=\"elementor-column-wrap elementor-element-populated\">\n\t\t\t\t\t\t\t<div class=\"elementor-widget-wrap\">\n\t\t\t\t\t\t<div class=\"elementor-element elementor-element-592188d6 elementor-widget elementor-widget-heading\" data-id=\"592188d6\" data-element_type=\"widget\" data-widget_type=\"heading.default\">\n\t\t\t\t<div class=\"elementor-widget-container\">\n\t\t\t<h2 class=\"elementor-heading-title elementor-size-default\">\u0130leti\u015fime Ge\u00e7in<\/h2>\t\t<\/div>\n\t\t\t\t<\/div>\n\t\t\t\t<div class=\"elementor-element elementor-element-e3d4ded elementor-widget elementor-widget-text-editor\" data-id=\"e3d4ded\" data-element_type=\"widget\" data-widget_type=\"text-editor.default\">\n\t\t\t\t<div class=\"elementor-widget-container\">\n\t\t\t\t\t\t\t\t<div class=\"elementor-text-editor elementor-clearfix\">\n\t\t\t\t<p>A\u015fa\u011f\u0131daki ileti\u015fim bilgilerinden veya yandaki ileti\u015fim formundan bizlere hemen kolayca ula\u015fabilirsiniz.\u00a0<\/p>\t\t\t\t\t<\/div>\n\t\t\t\t\t\t<\/div>\n\t\t\t\t<\/div>\n\t\t\t\t<div class=\"elementor-element elementor-element-6b458f90 elementor-widget elementor-widget-button\" data-id=\"6b458f90\" data-element_type=\"widget\" data-widget_type=\"button.default\">\n\t\t\t\t<div class=\"elementor-widget-container\">\n\t\t\t\t\t<div class=\"elementor-button-wrapper\">\n\t\t\t<a href=\"https:\/\/api.whatsapp.com\/send\/?phone=905421171542&#038;text=Merhaba.+Anasayfa%2C++Bilgi+almak+istiyorum.https%3A%2F%2Fwww.fevzisenturk.com%2FTe%C5%9Fekk%C3%BCrler.&#038;type=phone_number&#038;app_absent=0\" class=\"elementor-button-link elementor-button elementor-size-md\" role=\"button\">\n\t\t\t\t\t\t<span class=\"elementor-button-content-wrapper\">\n\t\t\t\t\t\t\t<span class=\"elementor-button-icon elementor-align-icon-left\">\n\t\t\t\t<svg aria-hidden=\"true\" class=\"e-font-icon-svg e-fab-whatsapp\" viewbox=\"0 0 448 512\" xmlns=\"http:\/\/www.w3.org\/2000\/svg\"><path d=\"M380.9 97.1C339 55.1 283.2 32 223.9 32c-122.4 0-222 99.6-222 222 0 39.1 10.2 77.3 29.6 111L0 480l117.7-30.9c32.4 17.7 68.9 27 106.1 27h.1c122.3 0 224.1-99.6 224.1-222 0-59.3-25.2-115-67.1-157zm-157 341.6c-33.2 0-65.7-8.9-94-25.7l-6.7-4-69.8 18.3L72 359.2l-4.4-7c-18.5-29.4-28.2-63.3-28.2-98.2 0-101.7 82.8-184.5 184.6-184.5 49.3 0 95.6 19.2 130.4 54.1 34.8 34.9 56.2 81.2 56.1 130.5 0 101.8-84.9 184.6-186.6 184.6zm101.2-138.2c-5.5-2.8-32.8-16.2-37.9-18-5.1-1.9-8.8-2.8-12.5 2.8-3.7 5.6-14.3 18-17.6 21.8-3.2 3.7-6.5 4.2-12 1.4-32.6-16.3-54-29.1-75.5-66-5.7-9.8 5.7-9.1 16.3-30.3 1.8-3.7.9-6.9-.5-9.7-1.4-2.8-12.5-30.1-17.1-41.2-4.5-10.8-9.1-9.3-12.5-9.5-3.2-.2-6.9-.2-10.6-.2-3.7 0-9.7 1.4-14.8 6.9-5.1 5.6-19.4 19-19.4 46.3 0 27.3 19.9 53.7 22.6 57.4 2.8 3.7 39.1 59.7 94.8 83.8 35.2 15.2 49 16.5 66.6 13.9 10.7-1.6 32.8-13.4 37.4-26.4 4.6-13 4.6-24.1 3.2-26.4-1.3-2.5-5-3.9-10.5-6.6z\"><\/path><\/svg>\t\t\t<\/span>\n\t\t\t\t\t\t<span class=\"elementor-button-text\">WhatsApp \u0130le \u0130leti\u015fime Ge\u00e7<\/span>\n\t\t<\/span>\n\t\t\t\t\t<\/a>\n\t\t<\/div>\n\t\t\t\t<\/div>\n\t\t\t\t<\/div>\n\t\t\t\t<div class=\"elementor-element elementor-element-438f357f elementor-widget elementor-widget-button\" data-id=\"438f357f\" data-element_type=\"widget\" data-widget_type=\"button.default\">\n\t\t\t\t<div class=\"elementor-widget-container\">\n\t\t\t\t\t<div class=\"elementor-button-wrapper\">\n\t\t\t<a href=\"tel:+905421171542\" class=\"elementor-button-link elementor-button elementor-size-md\" role=\"button\">\n\t\t\t\t\t\t<span class=\"elementor-button-content-wrapper\">\n\t\t\t\t\t\t\t<span class=\"elementor-button-icon elementor-align-icon-left\">\n\t\t\t\t<svg aria-hidden=\"true\" class=\"e-font-icon-svg e-fas-phone-square-alt\" viewbox=\"0 0 448 512\" xmlns=\"http:\/\/www.w3.org\/2000\/svg\"><path d=\"M400 32H48A48 48 0 0 0 0 80v352a48 48 0 0 0 48 48h352a48 48 0 0 0 48-48V80a48 48 0 0 0-48-48zm-16.39 307.37l-15 65A15 15 0 0 1 354 416C194 416 64 286.29 64 126a15.7 15.7 0 0 1 11.63-14.61l65-15A18.23 18.23 0 0 1 144 96a16.27 16.27 0 0 1 13.79 9.09l30 70A17.9 17.9 0 0 1 189 181a17 17 0 0 1-5.5 11.61l-37.89 31a231.91 231.91 0 0 0 110.78 110.78l31-37.89A17 17 0 0 1 299 291a17.85 17.85 0 0 1 5.91 1.21l70 30A16.25 16.25 0 0 1 384 336a17.41 17.41 0 0 1-.39 3.37z\"><\/path><\/svg>\t\t\t<\/span>\n\t\t\t\t\t\t<span class=\"elementor-button-text\">Telefon \u0130le \u0130leti\u015fime Ge\u00e7<\/span>\n\t\t<\/span>\n\t\t\t\t\t<\/a>\n\t\t<\/div>\n\t\t\t\t<\/div>\n\t\t\t\t<\/div>\n\t\t\t\t<div class=\"elementor-element elementor-element-679f6144 elementor-widget elementor-widget-button\" data-id=\"679f6144\" data-element_type=\"widget\" data-widget_type=\"button.default\">\n\t\t\t\t<div class=\"elementor-widget-container\">\n\t\t\t\t\t<div class=\"elementor-button-wrapper\">\n\t\t\t<a href=\"https:\/\/maps.app.goo.gl\/zzFXdncYQnqRoMHk6\" class=\"elementor-button-link elementor-button elementor-size-md\" role=\"button\">\n\t\t\t\t\t\t<span class=\"elementor-button-content-wrapper\">\n\t\t\t\t\t\t\t<span class=\"elementor-button-icon elementor-align-icon-left\">\n\t\t\t\t<svg aria-hidden=\"true\" class=\"e-font-icon-svg e-fas-location-arrow\" viewbox=\"0 0 512 512\" xmlns=\"http:\/\/www.w3.org\/2000\/svg\"><path d=\"M444.52 3.52L28.74 195.42c-47.97 22.39-31.98 92.75 19.19 92.75h175.91v175.91c0 51.17 70.36 67.17 92.75 19.19l191.9-415.78c15.99-38.39-25.59-79.97-63.97-63.97z\"><\/path><\/svg>\t\t\t<\/span>\n\t\t\t\t\t\t<span class=\"elementor-button-text\">Google Haritada G\u00f6r\u00fcnt\u00fcle<\/span>\n\t\t<\/span>\n\t\t\t\t\t<\/a>\n\t\t<\/div>\n\t\t\t\t<\/div>\n\t\t\t\t<\/div>\n\t\t\t\t\t\t<\/div>\n\t\t\t\t\t<\/div>\n\t\t<\/div>\n\t\t\t\t<div class=\"elementor-column elementor-col-50 elementor-inner-column elementor-element elementor-element-fc206c5 rt-covid-contactform\" data-id=\"fc206c5\" data-element_type=\"column\" data-settings=\"{&quot;background_background&quot;:&quot;classic&quot;}\">\n\t\t\t<div class=\"elementor-column-wrap elementor-element-populated\">\n\t\t\t\t\t\t\t<div class=\"elementor-widget-wrap\">\n\t\t\t\t\t\t<div class=\"elementor-element elementor-element-b06e26a elementor-widget elementor-widget-heading\" data-id=\"b06e26a\" data-element_type=\"widget\" data-widget_type=\"heading.default\">\n\t\t\t\t<div class=\"elementor-widget-container\">\n\t\t\t<h3 class=\"elementor-heading-title elementor-size-default\">Get Detailed Information<\/h3>\t\t<\/div>\n\t\t\t\t<\/div>\n\t\t\t\t<div class=\"elementor-element elementor-element-cd9b530 elementor-widget elementor-widget-void-section-cf7\" data-id=\"cd9b530\" data-element_type=\"widget\" data-widget_type=\"void-section-cf7.default\">\n\t\t\t\t<div class=\"elementor-widget-container\">\n\t\t\t<div class=\"void-cf7-form-widget-wrapper elementor-shortcode void-cf7-0\" data-void-cf7-contact-form-id=\"43590\"><div class=\"wpcf7 no-js\" id=\"wpcf7-f43590-o1\" lang=\"en-US\" dir=\"ltr\">\n<div class=\"screen-reader-response\"><p role=\"status\" aria-live=\"polite\" aria-atomic=\"true\"><\/p> <ul><\/ul><\/div>\n<form action=\"\/en\/wp-json\/wp\/v2\/pages\/54795#wpcf7-f43590-o1\" method=\"post\" class=\"wpcf7-form init\" aria-label=\"Contact form\" novalidate=\"novalidate\" data-status=\"init\" data-trp-original-action=\"\/en\/wp-json\/wp\/v2\/pages\/54795#wpcf7-f43590-o1\">\n<div style=\"display: none;\">\n<input type=\"hidden\" name=\"_wpcf7\" value=\"43590\" \/>\n<input type=\"hidden\" name=\"_wpcf7_version\" value=\"5.7.2\" \/>\n<input type=\"hidden\" name=\"_wpcf7_locale\" value=\"en_US\" \/>\n<input type=\"hidden\" name=\"_wpcf7_unit_tag\" value=\"wpcf7-f43590-o1\" \/>\n<input type=\"hidden\" name=\"_wpcf7_container_post\" value=\"0\" \/>\n<input type=\"hidden\" name=\"_wpcf7_posted_data_hash\" value=\"\" \/>\n<\/div>\n<div class=\"covid-appointment\">\n\t<div class=\"row\">\n\t\t<div class=\"col-lg-6 col-md-6 col-sm-6 col-xs-6 form-spacing\">\n\t\t\t<div class=\"form-row\">\n\t\t\t\t<p><span class=\"wpcf7-form-control-wrap\" data-name=\"text-177\"><input size=\"40\" class=\"wpcf7-form-control wpcf7-text wpcf7-validates-as-required\" aria-required=\"true\" aria-invalid=\"false\" placeholder=\"Name Surname\" value=\"\" type=\"text\" name=\"text-177\" \/><\/span>\n\t\t\t\t<\/p>\n\t\t\t<\/div>\n\t\t<\/div>\n\t\t<div class=\"col-lg-6 col-md-6 col-sm-6 col-xs-6 form-spacing\">\n\t\t\t<div class=\"form-row\">\n\t\t\t\t<p><span class=\"wpcf7-form-control-wrap\" data-name=\"text-1757\"><input size=\"40\" class=\"wpcf7-form-control wpcf7-text wpcf7-validates-as-required\" aria-required=\"true\" aria-invalid=\"false\" placeholder=\"Telephone\" value=\"\" type=\"text\" name=\"text-1757\" \/><\/span>\n\t\t\t\t<\/p>\n\t\t\t<\/div>\n\t\t<\/div>\n\t<\/div>\n\t<div class=\"row\">\n\t\t<div class=\"col-lg-12 col-md-12 col-sm-12 col-xs-12 form-spacing\">\n\t\t\t<div class=\"form-row\">\n\t\t\t\t<p><span class=\"wpcf7-form-control-wrap\" data-name=\"textarea-224\"><textarea cols=\"40\" rows=\"10\" class=\"wpcf7-form-control wpcf7-textarea wpcf7-validates-as-required\" aria-required=\"true\" aria-invalid=\"false\" name=\"textarea-224\">Mesaj\u0131n\u0131z<\/textarea><\/span>\n\t\t\t\t<\/p>\n\t\t\t<\/div>\n\t\t<\/div>\n\t<\/div>\n\t<div class=\"row\">\n\t\t<div class=\"col-lg-12 col-md-12 col-sm-12 col-xs-12 form-spacing\">\n\t\t\t<div class=\"form-row\">\n\t\t\t\t<p><input class=\"wpcf7-form-control has-spinner wpcf7-submit\" type=\"submit\" value=\"Send\" \/>\n\t\t\t\t<\/p>\n\t\t\t<\/div>\n\t\t<\/div>\n\t<\/div>\n<\/div><input type='hidden' class='wpcf7-pum' value='{\"closepopup\":false,\"closedelay\":0,\"openpopup\":false,\"openpopup_id\":0}' \/><div class=\"wpcf7-response-output\" aria-hidden=\"true\"><\/div><input type=\"hidden\" name=\"trp-form-language\" value=\"en\"\/><\/form><\/div><\/div>\t\t<\/div>\n\t\t\t\t<\/div>\n\t\t\t\t\t\t<\/div>\n\t\t\t\t\t<\/div>\n\t\t<\/div>\n\t\t\t\t\t\t\t\t<\/div>\n\t\t\t\t\t<\/div>\n\t\t<\/section>\n\t\t\t\t<section class=\"elementor-section elementor-top-section elementor-element elementor-element-757d766 elementor-section-boxed elementor-section-height-default elementor-section-height-default\" data-id=\"757d766\" data-element_type=\"section\">\n\t\t\t\t\t\t<div class=\"elementor-container elementor-column-gap-default\">\n\t\t\t\t\t\t\t<div class=\"elementor-row\">\n\t\t\t\t\t<div class=\"elementor-column elementor-col-100 elementor-top-column elementor-element elementor-element-d8e4b79\" data-id=\"d8e4b79\" data-element_type=\"column\">\n\t\t\t<div class=\"elementor-column-wrap elementor-element-populated\">\n\t\t\t\t\t\t\t<div class=\"elementor-widget-wrap\">\n\t\t\t\t\t\t<div class=\"elementor-element elementor-element-a280b01 elementor-widget elementor-widget-spacer\" data-id=\"a280b01\" data-element_type=\"widget\" data-widget_type=\"spacer.default\">\n\t\t\t\t<div class=\"elementor-widget-container\">\n\t\t\t<style>\/*! elementor - v3.10.1 - 17-01-2023 *\/\n.elementor-column .elementor-spacer-inner{height:var(--spacer-size)}.e-con{--container-widget-width:100%}.e-con-inner>.elementor-widget-spacer,.e-con>.elementor-widget-spacer{width:var(--container-widget-width,var(--spacer-size));--align-self:var(--container-widget-align-self,initial);--flex-shrink:0}.e-con-inner>.elementor-widget-spacer>.elementor-widget-container,.e-con-inner>.elementor-widget-spacer>.elementor-widget-container>.elementor-spacer,.e-con>.elementor-widget-spacer>.elementor-widget-container,.e-con>.elementor-widget-spacer>.elementor-widget-container>.elementor-spacer{height:100%}.e-con-inner>.elementor-widget-spacer>.elementor-widget-container>.elementor-spacer>.elementor-spacer-inner,.e-con>.elementor-widget-spacer>.elementor-widget-container>.elementor-spacer>.elementor-spacer-inner{height:var(--container-widget-height,var(--spacer-size))}<\/style>\t\t<div class=\"elementor-spacer\">\n\t\t\t<div class=\"elementor-spacer-inner\"><\/div>\n\t\t<\/div>\n\t\t\t\t<\/div>\n\t\t\t\t<\/div>\n\t\t\t\t<section class=\"elementor-section elementor-inner-section elementor-element elementor-element-bc7dcd8 elementor-section-boxed elementor-section-height-default elementor-section-height-default\" data-id=\"bc7dcd8\" data-element_type=\"section\">\n\t\t\t\t\t\t<div class=\"elementor-container elementor-column-gap-default\">\n\t\t\t\t\t\t\t<div class=\"elementor-row\">\n\t\t\t\t\t<div class=\"elementor-column elementor-col-50 elementor-inner-column elementor-element elementor-element-d6a4eb9\" data-id=\"d6a4eb9\" data-element_type=\"column\">\n\t\t\t<div class=\"elementor-column-wrap elementor-element-populated\">\n\t\t\t\t\t\t\t<div class=\"elementor-widget-wrap\">\n\t\t\t\t\t\t<div class=\"elementor-element elementor-element-e571311 elementor-widget elementor-widget-image\" data-id=\"e571311\" data-element_type=\"widget\" data-widget_type=\"image.default\">\n\t\t\t\t<div class=\"elementor-widget-container\">\n\t\t\t<style>\/*! elementor - v3.10.1 - 17-01-2023 *\/\n.elementor-widget-image{text-align:center}.elementor-widget-image a{display:inline-block}.elementor-widget-image a img[src$=\".svg\"]{width:48px}.elementor-widget-image img{vertical-align:middle;display:inline-block}<\/style>\t\t\t\t\t<div class=\"elementor-image\">\n\t\t\t\t\t\t\t\t\t\t\t\t<img width=\"1080\" height=\"1080\" src=\"https:\/\/www.fevzisenturk.com\/wp-content\/uploads\/fevzisenturk-iletisim-resim-1.jpg\" class=\"attachment-large size-large wp-image-53759\" alt=\"\" loading=\"lazy\" srcset=\"https:\/\/www.fevzisenturk.com\/wp-content\/uploads\/fevzisenturk-iletisim-resim-1.jpg 1080w, https:\/\/www.fevzisenturk.com\/wp-content\/uploads\/fevzisenturk-iletisim-resim-1-768x768.jpg 768w\" sizes=\"(max-width: 1080px) 100vw, 1080px\" \/>\t\t\t\t\t\t\t\t\t\t\t\t\t\t<\/div>\n\t\t\t\t\t\t<\/div>\n\t\t\t\t<\/div>\n\t\t\t\t\t\t<\/div>\n\t\t\t\t\t<\/div>\n\t\t<\/div>\n\t\t\t\t<div class=\"elementor-column elementor-col-50 elementor-inner-column elementor-element elementor-element-832f496\" data-id=\"832f496\" data-element_type=\"column\">\n\t\t\t<div class=\"elementor-column-wrap elementor-element-populated\">\n\t\t\t\t\t\t\t<div class=\"elementor-widget-wrap\">\n\t\t\t\t\t\t<div class=\"elementor-element elementor-element-522e166 elementor-widget elementor-widget-html\" data-id=\"522e166\" data-element_type=\"widget\" data-widget_type=\"html.default\">\n\t\t\t\t<div class=\"elementor-widget-container\">\n\t\t\t<iframe src=\"https:\/\/www.google.com\/maps\/embed?pb=!1m14!1m8!1m3!1d188.04543911486377!2d28.99334561317635!3d41.05309822520273!3m2!1i1024!2i768!4f13.1!3m3!1m2!1s0x0%3A0x8a756040110f9022!2zUHJvZi4gRHIuIEZldnppIMWeZW50w7xyayBHw7Z6IERva3RvcnUgS2F0YXJha3QgUmV0aW5hIEFtZWxpeWF0xLEgU2FyxLEgTm9rdGEgSGFzdGFsxLHEn8SxIEVSRyBWRVAgw4dvY3VrIEfDtnogU2HEn2zEscSfxLE!5e0!3m2!1str!2str!4v1674476228480!5m2!1str!2str\" width=\"1800\" height=\"335\" style=\"border:0;\" allowfullscreen=\"\" loading=\"lazy\" referrerpolicy=\"no-referrer-when-downgrade\"><\/iframe>\t\t<\/div>\n\t\t\t\t<\/div>\n\t\t\t\t\t\t<\/div>\n\t\t\t\t\t<\/div>\n\t\t<\/div>\n\t\t\t\t\t\t\t\t<\/div>\n\t\t\t\t\t<\/div>\n\t\t<\/section>\n\t\t\t\t\t\t<\/div>\n\t\t\t\t\t<\/div>\n\t\t<\/div>\n\t\t\t\t\t\t\t\t<\/div>\n\t\t\t\t\t<\/div>\n\t\t<\/section>\n\t\t\t\t\t\t\t\t\t<\/div>\n\t\t\t<\/div>\n\t\t\t\t\t<\/div>","protected":false},"excerpt":{"rendered":"<p>Premium Lens \u0130stanbul Prof. Dr. Fevzi \u015eent\u00fcrk g\u00f6z hastal\u0131klar\u0131 alan\u0131nda uzun y\u0131llara dayanan deneyimi, bilimsel katk\u0131lar\u0131 ve ba\u015far\u0131l\u0131 cerrahileriyle tan\u0131nan bir uzmand\u0131r. Ankara \u00dcniversitesi T\u0131p Fak\u00fcltesi&#8217;nden mezun olduktan sonra Eski\u015fehir Osmangazi \u00dcniversitesi&#8217;nde G\u00f6z Hastal\u0131klar\u0131 Uzmanl\u0131k e\u011fitimini tamamlayan Prof. Dr. Fevzi \u015eent\u00fcrk \u0130stanbul Retina Enstit\u00fcs\u00fc&#8217;nde Retina Fellowshipini ba\u015far\u0131yla bitirerek bu alanda derinlemesine bilgi edinmi\u015ftir. Ayr\u0131ca \u0130stanbul [&hellip;]<\/p>","protected":false},"author":1,"featured_media":0,"parent":0,"menu_order":0,"comment_status":"closed","ping_status":"closed","template":"","meta":[],"acf":[],"_links":{"self":[{"href":"https:\/\/www.fevzisenturk.com\/en\/wp-json\/wp\/v2\/pages\/54795"}],"collection":[{"href":"https:\/\/www.fevzisenturk.com\/en\/wp-json\/wp\/v2\/pages"}],"about":[{"href":"https:\/\/www.fevzisenturk.com\/en\/wp-json\/wp\/v2\/types\/page"}],"author":[{"embeddable":true,"href":"https:\/\/www.fevzisenturk.com\/en\/wp-json\/wp\/v2\/users\/1"}],"replies":[{"embeddable":true,"href":"https:\/\/www.fevzisenturk.com\/en\/wp-json\/wp\/v2\/comments?post=54795"}],"version-history":[{"count":4,"href":"https:\/\/www.fevzisenturk.com\/en\/wp-json\/wp\/v2\/pages\/54795\/revisions"}],"predecessor-version":[{"id":54809,"href":"https:\/\/www.fevzisenturk.com\/en\/wp-json\/wp\/v2\/pages\/54795\/revisions\/54809"}],"wp:attachment":[{"href":"https:\/\/www.fevzisenturk.com\/en\/wp-json\/wp\/v2\/media?parent=54795"}],"curies":[{"name":"wp","href":"https:\/\/api.w.org\/{rel}","templated":true}]}}