{"id":54730,"date":"2025-07-26T20:19:43","date_gmt":"2025-07-26T17:19:43","guid":{"rendered":"https:\/\/www.fevzisenturk.com\/?page_id=54730"},"modified":"2025-07-26T20:21:08","modified_gmt":"2025-07-26T17:21:08","slug":"kuru-goz-tedavisi-istanbul","status":"publish","type":"page","link":"https:\/\/www.fevzisenturk.com\/en\/kuru-goz-tedavisi-istanbul\/","title":{"rendered":"Kuru G\u00f6z Tedavisi \u0130stanbul"},"content":{"rendered":"<div data-elementor-type=\"wp-page\" data-elementor-id=\"54730\" class=\"elementor elementor-54730\">\n\t\t\t\t\t\t<div class=\"elementor-inner\">\n\t\t\t\t<div class=\"elementor-section-wrap\">\n\t\t\t\t\t\t\t\t\t<section class=\"elementor-section elementor-top-section elementor-element elementor-element-ce43242 elementor-section-stretched elementor-section-boxed elementor-section-height-default elementor-section-height-default\" data-id=\"ce43242\" data-element_type=\"section\" data-settings=\"{&quot;background_background&quot;:&quot;classic&quot;,&quot;stretch_section&quot;:&quot;section-stretched&quot;}\">\n\t\t\t\t\t\t<div class=\"elementor-container elementor-column-gap-default\">\n\t\t\t\t\t\t\t<div class=\"elementor-row\">\n\t\t\t\t\t<div class=\"elementor-column elementor-col-100 elementor-top-column elementor-element elementor-element-8278b12\" data-id=\"8278b12\" data-element_type=\"column\">\n\t\t\t<div class=\"elementor-column-wrap elementor-element-populated\">\n\t\t\t\t\t\t\t<div class=\"elementor-widget-wrap\">\n\t\t\t\t\t\t<div class=\"elementor-element elementor-element-d969c8b ready-to-transform elementor-widget elementor-widget-heading\" data-id=\"d969c8b\" data-element_type=\"widget\" data-widget_type=\"heading.default\">\n\t\t\t\t<div class=\"elementor-widget-container\">\n\t\t\t<style>\/*! elementor - v3.10.1 - 17-01-2023 *\/\n.elementor-heading-title{padding:0;margin:0;line-height:1}.elementor-widget-heading .elementor-heading-title[class*=elementor-size-]>a{color:inherit;font-size:inherit;line-height:inherit}.elementor-widget-heading .elementor-heading-title.elementor-size-small{font-size:15px}.elementor-widget-heading .elementor-heading-title.elementor-size-medium{font-size:19px}.elementor-widget-heading .elementor-heading-title.elementor-size-large{font-size:29px}.elementor-widget-heading .elementor-heading-title.elementor-size-xl{font-size:39px}.elementor-widget-heading .elementor-heading-title.elementor-size-xxl{font-size:59px}<\/style><h3 class=\"elementor-heading-title elementor-size-default\">Kuru G\u00f6z Tedavisi \u0130stanbul<\/h3>\t\t<\/div>\n\t\t\t\t<\/div>\n\t\t\t\t<div class=\"elementor-element elementor-element-757114f elementor-widget elementor-widget-text-editor\" data-id=\"757114f\" data-element_type=\"widget\" data-widget_type=\"text-editor.default\">\n\t\t\t\t<div class=\"elementor-widget-container\">\n\t\t\t<style>\/*! elementor - v3.10.1 - 17-01-2023 *\/\n.elementor-widget-text-editor.elementor-drop-cap-view-stacked .elementor-drop-cap{background-color:#818a91;color:#fff}.elementor-widget-text-editor.elementor-drop-cap-view-framed .elementor-drop-cap{color:#818a91;border:3px solid;background-color:transparent}.elementor-widget-text-editor:not(.elementor-drop-cap-view-default) .elementor-drop-cap{margin-top:8px}.elementor-widget-text-editor:not(.elementor-drop-cap-view-default) .elementor-drop-cap-letter{width:1em;height:1em}.elementor-widget-text-editor .elementor-drop-cap{float:left;text-align:center;line-height:1;font-size:50px}.elementor-widget-text-editor .elementor-drop-cap-letter{display:inline-block}<\/style>\t\t\t\t\t<div class=\"elementor-text-editor elementor-clearfix\">\n\t\t\t\t<p>Kuru g\u00f6z g\u00f6zya\u015f\u0131 \u00fcretiminin yetersizli\u011fi veya g\u00f6zya\u015f\u0131n\u0131n kalitesinin bozulmas\u0131 sonucu ortaya \u00e7\u0131kan, g\u00f6zde yanma, batma, k\u0131zar\u0131kl\u0131k ve g\u00f6rme bulan\u0131kl\u0131\u011f\u0131 gibi rahats\u0131zl\u0131klar\u0131 i\u00e7eren bir durumdur. Bu sorun, g\u00fcnl\u00fck ya\u015fam\u0131 olumsuz etkileyebilir ve tedavi edilmedi\u011fi takdirde ciddi g\u00f6z problemlerine yol a\u00e7abilir. \u0130stanbul&#8217;da kuru g\u00f6z tedavisi konusunda alan\u0131nda uzman bir isim olan Prof. Dr. Fevzi \u015eent\u00fcrk uzun y\u0131llard\u0131r bu t\u00fcr g\u00f6z hastal\u0131klar\u0131n\u0131n tedavisi i\u00e7in \u00e7\u00f6z\u00fcm aray\u0131\u015flar\u0131nda bulunmaktad\u0131r.<\/p><p>Prof. Dr. Fevzi \u015eent\u00fcrk \u0130stanbul&#8217;da faaliyet g\u00f6steren ve g\u00f6z hastal\u0131klar\u0131 alan\u0131nda b\u00fcy\u00fck bir tecr\u00fcbeye sahip bir uzmand\u0131r. Ankara \u00dcniversitesi T\u0131p Fak\u00fcltesi&#8217;nden mezun olduktan sonra Eski\u015fehir Osmangazi \u00dcniversitesi T\u0131p Fak\u00fcltesi&#8217;nde G\u00f6z Hastal\u0131klar\u0131 Uzmanl\u0131k e\u011fitimi alm\u0131\u015f ve burada kazand\u0131\u011f\u0131 bilgi birikimini, \u0130stanbul Retina Enstit\u00fcs\u00fc&#8217;nde tamamlad\u0131\u011f\u0131 Retina Fellowship&#8217;iyle peki\u015ftirmi\u015ftir. \u0130stanbul Medipol \u00dcniversitesi&#8217;nde Profes\u00f6r olarak akademik e\u011fitim vermeye devam etmektedir.<\/p><p>Bilimsel \u00e7al\u0131\u015fmalar\u0131 retina hastal\u0131klar\u0131, vitreoretinal cerrahi ve katarakt cerrahisi \u00fczerine yo\u011funla\u015fan Prof. Dr. Fevzi \u015eent\u00fcrk <strong>kuru g\u00f6z tedavisi \u0130stanbul<\/strong> konusunda da \u00f6nemli bir birikime sahiptir. T\u00fcrk ve yabanc\u0131 dergilerde 100&#8217;\u00fcn \u00fczerinde bilimsel yay\u0131na sahip olan \u015eent\u00fcrk bir\u00e7ok \u00f6d\u00fcl\u00fcn de sahibidir. Kuru g\u00f6z tedavisi gibi hassas bir alanda, alan\u0131nda yapt\u0131\u011f\u0131 yenilik\u00e7i \u00e7al\u0131\u015fmalarla hastalar\u0131na etkili \u00e7\u00f6z\u00fcmler sunmaktad\u0131r.<\/p><p><strong>Kuru G\u00f6z\u00fcn Belirtileri ve Tedavi Y\u00f6ntemleri<\/strong><\/p><p>Kuru g\u00f6z\u00fcn belirtileri genellikle g\u00f6zde rahats\u0131zl\u0131k hissi, yanma, batma, g\u00f6zde k\u0131rm\u0131z\u0131 damarlar\u0131n belirginle\u015fmesi ve g\u00f6rme bulan\u0131kl\u0131\u011f\u0131 gibi durumlar \u015feklinde kendini g\u00f6sterir. Bu t\u00fcr belirtiler g\u00f6zya\u015f\u0131n\u0131n yetersizli\u011fi ya da g\u00f6zya\u015f\u0131n\u0131n kalitesizli\u011fi nedeniyle g\u00f6z\u00fcn yeterince nemlenememesiyle ili\u015fkilidir.<\/p><p><strong>Kuru g\u00f6z tedavisi \u0130stanbul<\/strong>&#8216;da Prof. Dr. Fevzi \u015eent\u00fcrk hastalar\u0131na en uygun tedavi y\u00f6ntemlerini sunabilmek i\u00e7in geli\u015fmi\u015f teknolojiler ve ki\u015fiye \u00f6zel tedavi planlar\u0131 kullanmaktad\u0131r. Tedavi se\u00e7enekleri g\u00f6zya\u015f\u0131 \u00fcretimini art\u0131rmaya y\u00f6nelik ila\u00e7 tedavileri, g\u00f6zya\u015f\u0131 kanallar\u0131n\u0131 t\u0131kayan ya da geni\u015fleten prosed\u00fcrler ve baz\u0131 \u00f6zel g\u00f6z damlalar\u0131 ile desteklenmektedir. Ayr\u0131ca g\u00f6zya\u015f\u0131 \u00fcretimini art\u0131ran lazer tedavileri ve cerrahi y\u00f6ntemler de uygulanabilmektedir.<\/p><p>Bir\u00e7ok hasta <strong>kuru g\u00f6z tedavisi \u0130stanbul<\/strong> aray\u0131\u015f\u0131nda tedaviye ba\u015flamadan \u00f6nce semptomlar\u0131n ge\u00e7ici olarak iyile\u015fece\u011fini d\u00fc\u015f\u00fcnebilir. Ancak kuru g\u00f6z tedavisinde erken m\u00fcdahale edilmesi \u00e7ok \u00f6nemlidir. Prof. Dr. Fevzi \u015eent\u00fcrk hastalar\u0131na etkili tedavi y\u00f6ntemleri sunarak kuru g\u00f6zle ilgili semptomlar\u0131 h\u0131zl\u0131 bir \u015fekilde hafifletmektedir.<\/p><p><strong>Kuru G\u00f6z Tedavisinde Modern Y\u00f6ntemler ve Prof. Dr. Fevzi \u015eent\u00fcrk\u2019\u00fcn Ba\u015far\u0131lar\u0131<\/strong><\/p><p>Prof. Dr. Fevzi \u015eent\u00fcrk <strong>kuru g\u00f6z tedavisi \u0130stanbul<\/strong> konusundaki uzmanl\u0131\u011f\u0131n\u0131 yaln\u0131zca teorik bilgiyle de\u011fil y\u0131llar\u0131n verdi\u011fi deneyimle de desteklemektedir. T\u00fcrkiye&#8217;nin en prestijli g\u00f6z hastal\u0131klar\u0131 uzmanlar\u0131ndan biri olarak hastalar\u0131na her t\u00fcrl\u00fc g\u00f6z sa\u011fl\u0131\u011f\u0131 problemi i\u00e7in \u00e7\u00f6z\u00fcmler sunmaktad\u0131r.<\/p><p><strong>Kuru g\u00f6z tedavisi \u0130stanbul<\/strong> kapsam\u0131nda hastalar\u0131n farkl\u0131 ihtiya\u00e7lar\u0131na g\u00f6re \u00f6zelle\u015ftirilmi\u015f tedavi y\u00f6ntemleri uygulanmaktad\u0131r. \u00d6zellikle g\u00f6zya\u015f\u0131 bezlerinin uyar\u0131lmas\u0131 amac\u0131yla kullan\u0131lan biyolojik tedaviler, lazerle tedavi y\u00f6ntemleri ve g\u00f6zya\u015f\u0131 kanallar\u0131na yap\u0131lan m\u00fcdahaleler hastalar\u0131n ya\u015fam kalitesini art\u0131ran uygulamalard\u0131r. Prof. Dr. Fevzi \u015eent\u00fcrk&#8217;\u00fcn tecr\u00fcbesi ve klinik ba\u015far\u0131lar\u0131 her t\u00fcrl\u00fc g\u00f6z rahats\u0131zl\u0131\u011f\u0131n\u0131 etkili bir \u015fekilde tedavi edebilecek d\u00fczeydedir.<\/p><p>Ayr\u0131ca, Prof. Dr. Fevzi \u015eent\u00fcrk&#8217;\u00fcn ba\u015far\u0131l\u0131 kariyeri ve bilimsel katk\u0131lar\u0131, yerli ve yabanc\u0131 dergilerde y\u00fczlerce yay\u0131na yans\u0131maktad\u0131r. \u0130stanbul Retina Enstit\u00fcs\u00fc\u2019nde edindi\u011fi bilgiler kendisini sadece bir tedavi uzman\u0131 de\u011fil ayn\u0131 zamanda g\u00f6z hastal\u0131klar\u0131 alan\u0131nda \u00f6nemli bir bilim insan\u0131 yapmaktad\u0131r.<\/p><p>\u0130stanbul&#8217;da <strong>kuru g\u00f6z tedavisi<\/strong> aray\u0131\u015f\u0131nda olan hastalar i\u00e7in Prof. Dr. Fevzi \u015eent\u00fcrk alan\u0131ndaki derin bilgisi ve ileri teknolojileri kullanarak en etkili \u00e7\u00f6z\u00fcmleri sunmaktad\u0131r. G\u00f6z sa\u011fl\u0131\u011f\u0131 her ya\u015fta b\u00fcy\u00fck \u00f6nem ta\u015f\u0131r ve kuru g\u00f6z tedavisi g\u00f6zya\u015f\u0131 \u00fcretimi yetersizli\u011fi nedeniyle ya\u015fanan rahats\u0131zl\u0131klar\u0131 gidermede b\u00fcy\u00fck rol oynamaktad\u0131r. Prof. Dr. Fevzi \u015eent\u00fcrk ile kuru g\u00f6z tedavisi \u0130stanbul&#8217;da bireysel ihtiya\u00e7lara \u00f6zel bir tedavi s\u00fcreciyle sa\u011fl\u0131kl\u0131 bir g\u00f6z yap\u0131s\u0131na yeniden kavu\u015fabilirsiniz.<\/p>\t\t\t\t\t<\/div>\n\t\t\t\t\t\t<\/div>\n\t\t\t\t<\/div>\n\t\t\t\t\t\t<\/div>\n\t\t\t\t\t<\/div>\n\t\t<\/div>\n\t\t\t\t\t\t\t\t<\/div>\n\t\t\t\t\t<\/div>\n\t\t<\/section>\n\t\t\t\t<section class=\"elementor-section elementor-inner-section elementor-element elementor-element-25ba59ed elementor-section-boxed elementor-section-height-default elementor-section-height-default\" data-id=\"25ba59ed\" data-element_type=\"section\">\n\t\t\t\t\t\t<div class=\"elementor-container elementor-column-gap-default\">\n\t\t\t\t\t\t\t<div class=\"elementor-row\">\n\t\t\t\t\t<div class=\"elementor-column elementor-col-50 elementor-inner-column elementor-element elementor-element-db52ec0\" data-id=\"db52ec0\" data-element_type=\"column\">\n\t\t\t<div class=\"elementor-column-wrap elementor-element-populated\">\n\t\t\t\t\t\t\t<div class=\"elementor-widget-wrap\">\n\t\t\t\t\t\t<div class=\"elementor-element elementor-element-592188d6 elementor-widget elementor-widget-heading\" data-id=\"592188d6\" data-element_type=\"widget\" data-widget_type=\"heading.default\">\n\t\t\t\t<div class=\"elementor-widget-container\">\n\t\t\t<h2 class=\"elementor-heading-title elementor-size-default\">\u0130leti\u015fime Ge\u00e7in<\/h2>\t\t<\/div>\n\t\t\t\t<\/div>\n\t\t\t\t<div class=\"elementor-element elementor-element-e3d4ded elementor-widget elementor-widget-text-editor\" data-id=\"e3d4ded\" data-element_type=\"widget\" data-widget_type=\"text-editor.default\">\n\t\t\t\t<div class=\"elementor-widget-container\">\n\t\t\t\t\t\t\t\t<div class=\"elementor-text-editor elementor-clearfix\">\n\t\t\t\t<p>A\u015fa\u011f\u0131daki ileti\u015fim bilgilerinden veya yandaki ileti\u015fim formundan bizlere hemen kolayca ula\u015fabilirsiniz.\u00a0<\/p>\t\t\t\t\t<\/div>\n\t\t\t\t\t\t<\/div>\n\t\t\t\t<\/div>\n\t\t\t\t<div class=\"elementor-element elementor-element-6b458f90 elementor-widget elementor-widget-button\" data-id=\"6b458f90\" data-element_type=\"widget\" data-widget_type=\"button.default\">\n\t\t\t\t<div class=\"elementor-widget-container\">\n\t\t\t\t\t<div class=\"elementor-button-wrapper\">\n\t\t\t<a href=\"https:\/\/api.whatsapp.com\/send\/?phone=905421171542&#038;text=Merhaba.+Anasayfa%2C++Bilgi+almak+istiyorum.https%3A%2F%2Fwww.fevzisenturk.com%2FTe%C5%9Fekk%C3%BCrler.&#038;type=phone_number&#038;app_absent=0\" class=\"elementor-button-link elementor-button elementor-size-md\" role=\"button\">\n\t\t\t\t\t\t<span class=\"elementor-button-content-wrapper\">\n\t\t\t\t\t\t\t<span class=\"elementor-button-icon elementor-align-icon-left\">\n\t\t\t\t<svg aria-hidden=\"true\" class=\"e-font-icon-svg e-fab-whatsapp\" viewbox=\"0 0 448 512\" xmlns=\"http:\/\/www.w3.org\/2000\/svg\"><path d=\"M380.9 97.1C339 55.1 283.2 32 223.9 32c-122.4 0-222 99.6-222 222 0 39.1 10.2 77.3 29.6 111L0 480l117.7-30.9c32.4 17.7 68.9 27 106.1 27h.1c122.3 0 224.1-99.6 224.1-222 0-59.3-25.2-115-67.1-157zm-157 341.6c-33.2 0-65.7-8.9-94-25.7l-6.7-4-69.8 18.3L72 359.2l-4.4-7c-18.5-29.4-28.2-63.3-28.2-98.2 0-101.7 82.8-184.5 184.6-184.5 49.3 0 95.6 19.2 130.4 54.1 34.8 34.9 56.2 81.2 56.1 130.5 0 101.8-84.9 184.6-186.6 184.6zm101.2-138.2c-5.5-2.8-32.8-16.2-37.9-18-5.1-1.9-8.8-2.8-12.5 2.8-3.7 5.6-14.3 18-17.6 21.8-3.2 3.7-6.5 4.2-12 1.4-32.6-16.3-54-29.1-75.5-66-5.7-9.8 5.7-9.1 16.3-30.3 1.8-3.7.9-6.9-.5-9.7-1.4-2.8-12.5-30.1-17.1-41.2-4.5-10.8-9.1-9.3-12.5-9.5-3.2-.2-6.9-.2-10.6-.2-3.7 0-9.7 1.4-14.8 6.9-5.1 5.6-19.4 19-19.4 46.3 0 27.3 19.9 53.7 22.6 57.4 2.8 3.7 39.1 59.7 94.8 83.8 35.2 15.2 49 16.5 66.6 13.9 10.7-1.6 32.8-13.4 37.4-26.4 4.6-13 4.6-24.1 3.2-26.4-1.3-2.5-5-3.9-10.5-6.6z\"><\/path><\/svg>\t\t\t<\/span>\n\t\t\t\t\t\t<span class=\"elementor-button-text\">WhatsApp \u0130le \u0130leti\u015fime Ge\u00e7<\/span>\n\t\t<\/span>\n\t\t\t\t\t<\/a>\n\t\t<\/div>\n\t\t\t\t<\/div>\n\t\t\t\t<\/div>\n\t\t\t\t<div class=\"elementor-element elementor-element-438f357f elementor-widget elementor-widget-button\" data-id=\"438f357f\" data-element_type=\"widget\" data-widget_type=\"button.default\">\n\t\t\t\t<div class=\"elementor-widget-container\">\n\t\t\t\t\t<div class=\"elementor-button-wrapper\">\n\t\t\t<a href=\"tel:+905421171542\" class=\"elementor-button-link elementor-button elementor-size-md\" role=\"button\">\n\t\t\t\t\t\t<span class=\"elementor-button-content-wrapper\">\n\t\t\t\t\t\t\t<span class=\"elementor-button-icon elementor-align-icon-left\">\n\t\t\t\t<svg aria-hidden=\"true\" class=\"e-font-icon-svg e-fas-phone-square-alt\" viewbox=\"0 0 448 512\" xmlns=\"http:\/\/www.w3.org\/2000\/svg\"><path d=\"M400 32H48A48 48 0 0 0 0 80v352a48 48 0 0 0 48 48h352a48 48 0 0 0 48-48V80a48 48 0 0 0-48-48zm-16.39 307.37l-15 65A15 15 0 0 1 354 416C194 416 64 286.29 64 126a15.7 15.7 0 0 1 11.63-14.61l65-15A18.23 18.23 0 0 1 144 96a16.27 16.27 0 0 1 13.79 9.09l30 70A17.9 17.9 0 0 1 189 181a17 17 0 0 1-5.5 11.61l-37.89 31a231.91 231.91 0 0 0 110.78 110.78l31-37.89A17 17 0 0 1 299 291a17.85 17.85 0 0 1 5.91 1.21l70 30A16.25 16.25 0 0 1 384 336a17.41 17.41 0 0 1-.39 3.37z\"><\/path><\/svg>\t\t\t<\/span>\n\t\t\t\t\t\t<span class=\"elementor-button-text\">Telefon \u0130le \u0130leti\u015fime Ge\u00e7<\/span>\n\t\t<\/span>\n\t\t\t\t\t<\/a>\n\t\t<\/div>\n\t\t\t\t<\/div>\n\t\t\t\t<\/div>\n\t\t\t\t<div class=\"elementor-element elementor-element-679f6144 elementor-widget elementor-widget-button\" data-id=\"679f6144\" data-element_type=\"widget\" data-widget_type=\"button.default\">\n\t\t\t\t<div class=\"elementor-widget-container\">\n\t\t\t\t\t<div class=\"elementor-button-wrapper\">\n\t\t\t<a href=\"https:\/\/maps.app.goo.gl\/zzFXdncYQnqRoMHk6\" class=\"elementor-button-link elementor-button elementor-size-md\" role=\"button\">\n\t\t\t\t\t\t<span class=\"elementor-button-content-wrapper\">\n\t\t\t\t\t\t\t<span class=\"elementor-button-icon elementor-align-icon-left\">\n\t\t\t\t<svg aria-hidden=\"true\" class=\"e-font-icon-svg e-fas-location-arrow\" viewbox=\"0 0 512 512\" xmlns=\"http:\/\/www.w3.org\/2000\/svg\"><path d=\"M444.52 3.52L28.74 195.42c-47.97 22.39-31.98 92.75 19.19 92.75h175.91v175.91c0 51.17 70.36 67.17 92.75 19.19l191.9-415.78c15.99-38.39-25.59-79.97-63.97-63.97z\"><\/path><\/svg>\t\t\t<\/span>\n\t\t\t\t\t\t<span class=\"elementor-button-text\">Google Haritada G\u00f6r\u00fcnt\u00fcle<\/span>\n\t\t<\/span>\n\t\t\t\t\t<\/a>\n\t\t<\/div>\n\t\t\t\t<\/div>\n\t\t\t\t<\/div>\n\t\t\t\t\t\t<\/div>\n\t\t\t\t\t<\/div>\n\t\t<\/div>\n\t\t\t\t<div class=\"elementor-column elementor-col-50 elementor-inner-column elementor-element elementor-element-fc206c5 rt-covid-contactform\" data-id=\"fc206c5\" data-element_type=\"column\" data-settings=\"{&quot;background_background&quot;:&quot;classic&quot;}\">\n\t\t\t<div class=\"elementor-column-wrap elementor-element-populated\">\n\t\t\t\t\t\t\t<div class=\"elementor-widget-wrap\">\n\t\t\t\t\t\t<div class=\"elementor-element elementor-element-b06e26a elementor-widget elementor-widget-heading\" data-id=\"b06e26a\" data-element_type=\"widget\" data-widget_type=\"heading.default\">\n\t\t\t\t<div class=\"elementor-widget-container\">\n\t\t\t<h3 class=\"elementor-heading-title elementor-size-default\">Get Detailed Information<\/h3>\t\t<\/div>\n\t\t\t\t<\/div>\n\t\t\t\t<div class=\"elementor-element elementor-element-cd9b530 elementor-widget elementor-widget-void-section-cf7\" data-id=\"cd9b530\" data-element_type=\"widget\" data-widget_type=\"void-section-cf7.default\">\n\t\t\t\t<div class=\"elementor-widget-container\">\n\t\t\t<div class=\"void-cf7-form-widget-wrapper elementor-shortcode void-cf7-0\" data-void-cf7-contact-form-id=\"43590\"><div class=\"wpcf7 no-js\" id=\"wpcf7-f43590-o1\" lang=\"en-US\" dir=\"ltr\">\n<div class=\"screen-reader-response\"><p role=\"status\" aria-live=\"polite\" aria-atomic=\"true\"><\/p> <ul><\/ul><\/div>\n<form action=\"\/en\/wp-json\/wp\/v2\/pages\/54730#wpcf7-f43590-o1\" method=\"post\" class=\"wpcf7-form init\" aria-label=\"Contact form\" novalidate=\"novalidate\" data-status=\"init\" data-trp-original-action=\"\/en\/wp-json\/wp\/v2\/pages\/54730#wpcf7-f43590-o1\">\n<div style=\"display: none;\">\n<input type=\"hidden\" name=\"_wpcf7\" value=\"43590\" \/>\n<input type=\"hidden\" name=\"_wpcf7_version\" value=\"5.7.2\" \/>\n<input type=\"hidden\" name=\"_wpcf7_locale\" value=\"en_US\" \/>\n<input type=\"hidden\" name=\"_wpcf7_unit_tag\" value=\"wpcf7-f43590-o1\" \/>\n<input type=\"hidden\" name=\"_wpcf7_container_post\" value=\"0\" \/>\n<input type=\"hidden\" name=\"_wpcf7_posted_data_hash\" value=\"\" \/>\n<\/div>\n<div class=\"covid-appointment\">\n\t<div class=\"row\">\n\t\t<div class=\"col-lg-6 col-md-6 col-sm-6 col-xs-6 form-spacing\">\n\t\t\t<div class=\"form-row\">\n\t\t\t\t<p><span class=\"wpcf7-form-control-wrap\" data-name=\"text-177\"><input size=\"40\" class=\"wpcf7-form-control wpcf7-text wpcf7-validates-as-required\" aria-required=\"true\" aria-invalid=\"false\" placeholder=\"Name Surname\" value=\"\" type=\"text\" name=\"text-177\" \/><\/span>\n\t\t\t\t<\/p>\n\t\t\t<\/div>\n\t\t<\/div>\n\t\t<div class=\"col-lg-6 col-md-6 col-sm-6 col-xs-6 form-spacing\">\n\t\t\t<div class=\"form-row\">\n\t\t\t\t<p><span class=\"wpcf7-form-control-wrap\" data-name=\"text-1757\"><input size=\"40\" class=\"wpcf7-form-control wpcf7-text wpcf7-validates-as-required\" aria-required=\"true\" aria-invalid=\"false\" placeholder=\"Telephone\" value=\"\" type=\"text\" name=\"text-1757\" \/><\/span>\n\t\t\t\t<\/p>\n\t\t\t<\/div>\n\t\t<\/div>\n\t<\/div>\n\t<div class=\"row\">\n\t\t<div class=\"col-lg-12 col-md-12 col-sm-12 col-xs-12 form-spacing\">\n\t\t\t<div class=\"form-row\">\n\t\t\t\t<p><span class=\"wpcf7-form-control-wrap\" data-name=\"textarea-224\"><textarea cols=\"40\" rows=\"10\" class=\"wpcf7-form-control wpcf7-textarea wpcf7-validates-as-required\" aria-required=\"true\" aria-invalid=\"false\" name=\"textarea-224\">Mesaj\u0131n\u0131z<\/textarea><\/span>\n\t\t\t\t<\/p>\n\t\t\t<\/div>\n\t\t<\/div>\n\t<\/div>\n\t<div class=\"row\">\n\t\t<div class=\"col-lg-12 col-md-12 col-sm-12 col-xs-12 form-spacing\">\n\t\t\t<div class=\"form-row\">\n\t\t\t\t<p><input class=\"wpcf7-form-control has-spinner wpcf7-submit\" type=\"submit\" value=\"Send\" \/>\n\t\t\t\t<\/p>\n\t\t\t<\/div>\n\t\t<\/div>\n\t<\/div>\n<\/div><input type='hidden' class='wpcf7-pum' value='{\"closepopup\":false,\"closedelay\":0,\"openpopup\":false,\"openpopup_id\":0}' \/><div class=\"wpcf7-response-output\" aria-hidden=\"true\"><\/div><input type=\"hidden\" name=\"trp-form-language\" value=\"en\"\/><\/form><\/div><\/div>\t\t<\/div>\n\t\t\t\t<\/div>\n\t\t\t\t\t\t<\/div>\n\t\t\t\t\t<\/div>\n\t\t<\/div>\n\t\t\t\t\t\t\t\t<\/div>\n\t\t\t\t\t<\/div>\n\t\t<\/section>\n\t\t\t\t<section class=\"elementor-section elementor-top-section elementor-element elementor-element-757d766 elementor-section-boxed elementor-section-height-default elementor-section-height-default\" data-id=\"757d766\" data-element_type=\"section\">\n\t\t\t\t\t\t<div class=\"elementor-container elementor-column-gap-default\">\n\t\t\t\t\t\t\t<div class=\"elementor-row\">\n\t\t\t\t\t<div class=\"elementor-column elementor-col-100 elementor-top-column elementor-element elementor-element-d8e4b79\" data-id=\"d8e4b79\" data-element_type=\"column\">\n\t\t\t<div class=\"elementor-column-wrap elementor-element-populated\">\n\t\t\t\t\t\t\t<div class=\"elementor-widget-wrap\">\n\t\t\t\t\t\t<div class=\"elementor-element elementor-element-a280b01 elementor-widget elementor-widget-spacer\" data-id=\"a280b01\" data-element_type=\"widget\" data-widget_type=\"spacer.default\">\n\t\t\t\t<div class=\"elementor-widget-container\">\n\t\t\t<style>\/*! elementor - v3.10.1 - 17-01-2023 *\/\n.elementor-column .elementor-spacer-inner{height:var(--spacer-size)}.e-con{--container-widget-width:100%}.e-con-inner>.elementor-widget-spacer,.e-con>.elementor-widget-spacer{width:var(--container-widget-width,var(--spacer-size));--align-self:var(--container-widget-align-self,initial);--flex-shrink:0}.e-con-inner>.elementor-widget-spacer>.elementor-widget-container,.e-con-inner>.elementor-widget-spacer>.elementor-widget-container>.elementor-spacer,.e-con>.elementor-widget-spacer>.elementor-widget-container,.e-con>.elementor-widget-spacer>.elementor-widget-container>.elementor-spacer{height:100%}.e-con-inner>.elementor-widget-spacer>.elementor-widget-container>.elementor-spacer>.elementor-spacer-inner,.e-con>.elementor-widget-spacer>.elementor-widget-container>.elementor-spacer>.elementor-spacer-inner{height:var(--container-widget-height,var(--spacer-size))}<\/style>\t\t<div class=\"elementor-spacer\">\n\t\t\t<div class=\"elementor-spacer-inner\"><\/div>\n\t\t<\/div>\n\t\t\t\t<\/div>\n\t\t\t\t<\/div>\n\t\t\t\t<section class=\"elementor-section elementor-inner-section elementor-element elementor-element-bc7dcd8 elementor-section-boxed elementor-section-height-default elementor-section-height-default\" data-id=\"bc7dcd8\" data-element_type=\"section\">\n\t\t\t\t\t\t<div class=\"elementor-container elementor-column-gap-default\">\n\t\t\t\t\t\t\t<div class=\"elementor-row\">\n\t\t\t\t\t<div class=\"elementor-column elementor-col-50 elementor-inner-column elementor-element elementor-element-d6a4eb9\" data-id=\"d6a4eb9\" data-element_type=\"column\">\n\t\t\t<div class=\"elementor-column-wrap elementor-element-populated\">\n\t\t\t\t\t\t\t<div class=\"elementor-widget-wrap\">\n\t\t\t\t\t\t<div class=\"elementor-element elementor-element-e571311 elementor-widget elementor-widget-image\" data-id=\"e571311\" data-element_type=\"widget\" data-widget_type=\"image.default\">\n\t\t\t\t<div class=\"elementor-widget-container\">\n\t\t\t<style>\/*! elementor - v3.10.1 - 17-01-2023 *\/\n.elementor-widget-image{text-align:center}.elementor-widget-image a{display:inline-block}.elementor-widget-image a img[src$=\".svg\"]{width:48px}.elementor-widget-image img{vertical-align:middle;display:inline-block}<\/style>\t\t\t\t\t<div class=\"elementor-image\">\n\t\t\t\t\t\t\t\t\t\t\t\t<img width=\"1080\" height=\"1080\" src=\"https:\/\/www.fevzisenturk.com\/wp-content\/uploads\/fevzisenturk-iletisim-resim-1.jpg\" class=\"attachment-large size-large wp-image-53759\" alt=\"\" loading=\"lazy\" srcset=\"https:\/\/www.fevzisenturk.com\/wp-content\/uploads\/fevzisenturk-iletisim-resim-1.jpg 1080w, https:\/\/www.fevzisenturk.com\/wp-content\/uploads\/fevzisenturk-iletisim-resim-1-768x768.jpg 768w\" sizes=\"(max-width: 1080px) 100vw, 1080px\" \/>\t\t\t\t\t\t\t\t\t\t\t\t\t\t<\/div>\n\t\t\t\t\t\t<\/div>\n\t\t\t\t<\/div>\n\t\t\t\t\t\t<\/div>\n\t\t\t\t\t<\/div>\n\t\t<\/div>\n\t\t\t\t<div class=\"elementor-column elementor-col-50 elementor-inner-column elementor-element elementor-element-832f496\" data-id=\"832f496\" data-element_type=\"column\">\n\t\t\t<div class=\"elementor-column-wrap elementor-element-populated\">\n\t\t\t\t\t\t\t<div class=\"elementor-widget-wrap\">\n\t\t\t\t\t\t<div class=\"elementor-element elementor-element-522e166 elementor-widget elementor-widget-html\" data-id=\"522e166\" data-element_type=\"widget\" data-widget_type=\"html.default\">\n\t\t\t\t<div class=\"elementor-widget-container\">\n\t\t\t<iframe src=\"https:\/\/www.google.com\/maps\/embed?pb=!1m14!1m8!1m3!1d188.04543911486377!2d28.99334561317635!3d41.05309822520273!3m2!1i1024!2i768!4f13.1!3m3!1m2!1s0x0%3A0x8a756040110f9022!2zUHJvZi4gRHIuIEZldnppIMWeZW50w7xyayBHw7Z6IERva3RvcnUgS2F0YXJha3QgUmV0aW5hIEFtZWxpeWF0xLEgU2FyxLEgTm9rdGEgSGFzdGFsxLHEn8SxIEVSRyBWRVAgw4dvY3VrIEfDtnogU2HEn2zEscSfxLE!5e0!3m2!1str!2str!4v1674476228480!5m2!1str!2str\" width=\"1800\" height=\"335\" style=\"border:0;\" allowfullscreen=\"\" loading=\"lazy\" referrerpolicy=\"no-referrer-when-downgrade\"><\/iframe>\t\t<\/div>\n\t\t\t\t<\/div>\n\t\t\t\t\t\t<\/div>\n\t\t\t\t\t<\/div>\n\t\t<\/div>\n\t\t\t\t\t\t\t\t<\/div>\n\t\t\t\t\t<\/div>\n\t\t<\/section>\n\t\t\t\t\t\t<\/div>\n\t\t\t\t\t<\/div>\n\t\t<\/div>\n\t\t\t\t\t\t\t\t<\/div>\n\t\t\t\t\t<\/div>\n\t\t<\/section>\n\t\t\t\t\t\t\t\t\t<\/div>\n\t\t\t<\/div>\n\t\t\t\t\t<\/div>","protected":false},"excerpt":{"rendered":"<p>Kuru G\u00f6z Tedavisi \u0130stanbul Kuru g\u00f6z g\u00f6zya\u015f\u0131 \u00fcretiminin yetersizli\u011fi veya g\u00f6zya\u015f\u0131n\u0131n kalitesinin bozulmas\u0131 sonucu ortaya \u00e7\u0131kan, g\u00f6zde yanma, batma, k\u0131zar\u0131kl\u0131k ve g\u00f6rme bulan\u0131kl\u0131\u011f\u0131 gibi rahats\u0131zl\u0131klar\u0131 i\u00e7eren bir durumdur. Bu sorun, g\u00fcnl\u00fck ya\u015fam\u0131 olumsuz etkileyebilir ve tedavi edilmedi\u011fi takdirde ciddi g\u00f6z problemlerine yol a\u00e7abilir. \u0130stanbul&#8217;da kuru g\u00f6z tedavisi konusunda alan\u0131nda uzman bir isim olan Prof. Dr. [&hellip;]<\/p>","protected":false},"author":1,"featured_media":0,"parent":0,"menu_order":0,"comment_status":"closed","ping_status":"closed","template":"","meta":[],"acf":[],"_links":{"self":[{"href":"https:\/\/www.fevzisenturk.com\/en\/wp-json\/wp\/v2\/pages\/54730"}],"collection":[{"href":"https:\/\/www.fevzisenturk.com\/en\/wp-json\/wp\/v2\/pages"}],"about":[{"href":"https:\/\/www.fevzisenturk.com\/en\/wp-json\/wp\/v2\/types\/page"}],"author":[{"embeddable":true,"href":"https:\/\/www.fevzisenturk.com\/en\/wp-json\/wp\/v2\/users\/1"}],"replies":[{"embeddable":true,"href":"https:\/\/www.fevzisenturk.com\/en\/wp-json\/wp\/v2\/comments?post=54730"}],"version-history":[{"count":4,"href":"https:\/\/www.fevzisenturk.com\/en\/wp-json\/wp\/v2\/pages\/54730\/revisions"}],"predecessor-version":[{"id":54745,"href":"https:\/\/www.fevzisenturk.com\/en\/wp-json\/wp\/v2\/pages\/54730\/revisions\/54745"}],"wp:attachment":[{"href":"https:\/\/www.fevzisenturk.com\/en\/wp-json\/wp\/v2\/media?parent=54730"}],"curies":[{"name":"wp","href":"https:\/\/api.w.org\/{rel}","templated":true}]}}